{"id":23,"date":"2024-03-18T21:59:58","date_gmt":"2024-03-18T21:59:58","guid":{"rendered":"https:\/\/www.pi3ai.com\/wp\/about\/"},"modified":"2025-08-26T16:42:06","modified_gmt":"2025-08-26T16:42:06","slug":"uses-cases","status":"publish","type":"page","link":"https:\/\/www.pi3ai.com\/es\/uses-cases\/","title":{"rendered":"CASOS DE USO"},"content":{"rendered":"<div data-elementor-type=\"wp-page\" data-elementor-id=\"23\" class=\"elementor elementor-23\">\n\t\t\t\t<div class=\"elementor-element elementor-element-64cedbb e-flex e-con-boxed wpr-particle-no wpr-jarallax-no wpr-parallax-no wpr-sticky-section-no wpr-equal-height-no e-con e-parent\" data-id=\"64cedbb\" data-element_type=\"container\" data-e-type=\"container\">\n\t\t\t\t\t<div class=\"e-con-inner\">\n\t\t<div class=\"elementor-element elementor-element-2623dc3 e-con-full e-flex wpr-particle-no wpr-jarallax-no wpr-parallax-no wpr-sticky-section-no wpr-equal-height-no e-con e-child\" data-id=\"2623dc3\" data-element_type=\"container\" data-e-type=\"container\">\n\t\t\t\t<div class=\"elementor-element elementor-element-810136c elementor-widget elementor-widget-image\" data-id=\"810136c\" data-element_type=\"widget\" data-e-type=\"widget\" data-widget_type=\"image.default\">\n\t\t\t\t<div class=\"elementor-widget-container\">\n\t\t\t\t\t\t\t\t\t\t\t\t\t\t\t<img fetchpriority=\"high\" decoding=\"async\" width=\"621\" height=\"500\" src=\"https:\/\/www.pi3ai.com\/wp-content\/uploads\/2024\/03\/image-6.png\" class=\"attachment-large size-large wp-image-931\" alt=\"\" srcset=\"https:\/\/www.pi3ai.com\/wp-content\/uploads\/2024\/03\/image-6.png 621w, https:\/\/www.pi3ai.com\/wp-content\/uploads\/2024\/03\/image-6-300x242.png 300w\" sizes=\"(max-width: 621px) 100vw, 621px\" \/>\t\t\t\t\t\t\t\t\t\t\t\t\t\t\t<\/div>\n\t\t\t\t<\/div>\n\t\t\t\t<\/div>\n\t\t<div class=\"elementor-element elementor-element-38bbcf5 e-con-full e-flex wpr-particle-no wpr-jarallax-no wpr-parallax-no wpr-sticky-section-no wpr-equal-height-no e-con e-child\" data-id=\"38bbcf5\" data-element_type=\"container\" data-e-type=\"container\">\n\t\t\t\t<div class=\"elementor-element elementor-element-d6eb696 elementor-widget elementor-widget-heading\" data-id=\"d6eb696\" data-element_type=\"widget\" data-e-type=\"widget\" data-widget_type=\"heading.default\">\n\t\t\t\t<div class=\"elementor-widget-container\">\n\t\t\t\t\t<h2 class=\"elementor-heading-title elementor-size-default\">Casos <br \/>\nde Uso<\/h2>\t\t\t\t<\/div>\n\t\t\t\t<\/div>\n\t\t\t\t<\/div>\n\t\t\t\t\t<\/div>\n\t\t\t\t<\/div>\n\t\t<div class=\"elementor-element elementor-element-6717191 e-flex e-con-boxed wpr-particle-no wpr-jarallax-no wpr-parallax-no wpr-sticky-section-no wpr-equal-height-no e-con e-parent\" data-id=\"6717191\" data-element_type=\"container\" data-e-type=\"container\">\n\t\t\t\t\t<div class=\"e-con-inner\">\n\t\t<div class=\"elementor-element elementor-element-ee4c7ae e-con-full e-flex wpr-particle-no wpr-jarallax-no wpr-parallax-no wpr-sticky-section-no wpr-equal-height-no e-con e-child\" data-id=\"ee4c7ae\" data-element_type=\"container\" data-e-type=\"container\">\n\t\t\t\t<div class=\"elementor-element elementor-element-e49f062 elementor-widget__width-initial elementor-widget-mobile__width-inherit elementor-widget elementor-widget-text-editor\" data-id=\"e49f062\" data-element_type=\"widget\" data-e-type=\"widget\" data-widget_type=\"text-editor.default\">\n\t\t\t\t<div class=\"elementor-widget-container\">\n\t\t\t\t\t\t\t\t\t<h2 class=\"uagb-heading-text\">Caso <mark class=\"has-inline-color has-ast-global-color-1-color\" style=\"background-color: rgba(0, 0, 0, 0);\">PayU<\/mark><\/h2>\n<p class=\"uagb-desc-text\"><strong>PayU<\/strong> es un l\u00edder global en pagos y tecnolog\u00eda financiera que ofrece soluciones avanzadas de pagos en l\u00ednea, cr\u00e9dito e inversiones en mercados de alto crecimiento<\/p>\t\t\t\t\t\t\t\t<\/div>\n\t\t\t\t<\/div>\n\t\t\t\t<\/div>\n\t\t<div class=\"elementor-element elementor-element-3ea03df e-con-full e-flex wpr-particle-no wpr-jarallax-no wpr-parallax-no wpr-sticky-section-no wpr-equal-height-no e-con e-child\" data-id=\"3ea03df\" data-element_type=\"container\" data-e-type=\"container\">\n\t\t\t\t<div class=\"elementor-element elementor-element-77e6a98 elementor-widget elementor-widget-image\" data-id=\"77e6a98\" data-element_type=\"widget\" data-e-type=\"widget\" data-widget_type=\"image.default\">\n\t\t\t\t<div class=\"elementor-widget-container\">\n\t\t\t\t\t\t\t\t\t\t\t\t\t\t\t<img decoding=\"async\" width=\"576\" height=\"515\" src=\"https:\/\/www.pi3ai.com\/wp-content\/uploads\/2024\/03\/image-8.png\" class=\"attachment-large size-large wp-image-937\" alt=\"\" srcset=\"https:\/\/www.pi3ai.com\/wp-content\/uploads\/2024\/03\/image-8.png 576w, https:\/\/www.pi3ai.com\/wp-content\/uploads\/2024\/03\/image-8-300x268.png 300w\" sizes=\"(max-width: 576px) 100vw, 576px\" \/>\t\t\t\t\t\t\t\t\t\t\t\t\t\t\t<\/div>\n\t\t\t\t<\/div>\n\t\t\t\t<\/div>\n\t\t\t\t\t<\/div>\n\t\t\t\t<\/div>\n\t\t<div class=\"elementor-element elementor-element-552d770 e-flex e-con-boxed wpr-particle-no wpr-jarallax-no wpr-parallax-no wpr-sticky-section-no wpr-equal-height-no e-con e-parent\" data-id=\"552d770\" data-element_type=\"container\" data-e-type=\"container\">\n\t\t\t\t\t<div class=\"e-con-inner\">\n\t\t\t\t<div class=\"elementor-element elementor-element-b22fed0 elementor-widget elementor-widget-heading\" data-id=\"b22fed0\" data-element_type=\"widget\" data-e-type=\"widget\" data-widget_type=\"heading.default\">\n\t\t\t\t<div class=\"elementor-widget-container\">\n\t\t\t\t\t<h2 class=\"elementor-heading-title elementor-size-default\">Problema vs. <span style=\"color:#03CFE7\">Soluci\u00f3n<\/span><\/h2>\t\t\t\t<\/div>\n\t\t\t\t<\/div>\n\t\t<div class=\"elementor-element elementor-element-339ab65 e-flex e-con-boxed wpr-particle-no wpr-jarallax-no wpr-parallax-no wpr-sticky-section-no wpr-equal-height-no e-con e-child\" data-id=\"339ab65\" data-element_type=\"container\" data-e-type=\"container\">\n\t\t\t\t\t<div class=\"e-con-inner\">\n\t\t\t\t<div class=\"elementor-element elementor-element-360369d elementor-widget__width-initial elementor-widget-mobile__width-inherit elementor-position-top elementor-widget elementor-widget-image-box\" data-id=\"360369d\" data-element_type=\"widget\" data-e-type=\"widget\" data-widget_type=\"image-box.default\">\n\t\t\t\t<div class=\"elementor-widget-container\">\n\t\t\t\t\t<div class=\"elementor-image-box-wrapper\"><figure class=\"elementor-image-box-img\"><img decoding=\"async\" width=\"800\" height=\"800\" src=\"https:\/\/www.pi3ai.com\/wp-content\/uploads\/2024\/03\/Rectangle-65.gif\" class=\"attachment-full size-full wp-image-946\" alt=\"\" \/><\/figure><div class=\"elementor-image-box-content\"><h3 class=\"elementor-image-box-title\">Problema<\/h3><p class=\"elementor-image-box-description\"><strong>PayU<\/strong> monitoreaba y reportaba alrededor de <strong>4,5 millones de<\/strong>\ntransacciones mensuales, abarcando <strong>16 controles<\/strong> y casos de uso<\/p><\/div><\/div>\t\t\t\t<\/div>\n\t\t\t\t<\/div>\n\t\t\t\t<div class=\"elementor-element elementor-element-c339006 elementor-widget__width-initial elementor-widget-mobile__width-inherit elementor-position-top elementor-widget elementor-widget-image-box\" data-id=\"c339006\" data-element_type=\"widget\" data-e-type=\"widget\" data-widget_type=\"image-box.default\">\n\t\t\t\t<div class=\"elementor-widget-container\">\n\t\t\t\t\t<div class=\"elementor-image-box-wrapper\"><figure class=\"elementor-image-box-img\"><img loading=\"lazy\" decoding=\"async\" width=\"800\" height=\"800\" src=\"https:\/\/www.pi3ai.com\/wp-content\/uploads\/2024\/03\/Rectangle-30.gif\" class=\"attachment-full size-full wp-image-950\" alt=\"\" \/><\/figure><div class=\"elementor-image-box-content\"><h3 class=\"elementor-image-box-title\">Soluci\u00f3n<\/h3><p class=\"elementor-image-box-description\">Al utilizar un <strong>servicio de conciliaci\u00f3n bancaria automatizado<\/strong> , <strong>aument\u00f3<\/strong> sus tasas de conciliaci\u00f3n para tarjetas de cr\u00e9dito y d\u00e9bito del <strong>84%<\/strong> al <strong>99%<\/strong> y redujo significativamente el procesamiento manual de grandes vol\u00famenes de datos<\/p><\/div><\/div>\t\t\t\t<\/div>\n\t\t\t\t<\/div>\n\t\t\t\t\t<\/div>\n\t\t\t\t<\/div>\n\t\t\t\t\t<\/div>\n\t\t\t\t<\/div>\n\t\t<div class=\"elementor-element elementor-element-89d6452 e-flex e-con-boxed wpr-particle-no wpr-jarallax-no wpr-parallax-no wpr-sticky-section-no wpr-equal-height-no e-con e-parent\" data-id=\"89d6452\" data-element_type=\"container\" data-e-type=\"container\">\n\t\t\t\t\t<div class=\"e-con-inner\">\n\t\t\t\t<div class=\"elementor-element elementor-element-fe42a5f elementor-widget__width-initial elementor-widget-mobile__width-inherit elementor-widget elementor-widget-text-editor\" data-id=\"fe42a5f\" data-element_type=\"widget\" data-e-type=\"widget\" data-widget_type=\"text-editor.default\">\n\t\t\t\t<div class=\"elementor-widget-container\">\n\t\t\t\t\t\t\t\t\t<p>Cu\u00e9ntanos cu\u00e1l es tu problema espec\u00edfico y <strong>nosotros te ayudaremos<\/strong> a transformarlo en una soluci\u00f3n para tu negocio.<\/p>\t\t\t\t\t\t\t\t<\/div>\n\t\t\t\t<\/div>\n\t\t\t\t<div class=\"elementor-element elementor-element-b4ebe18 elementor-align-center elementor-widget elementor-widget-button\" data-id=\"b4ebe18\" data-element_type=\"widget\" data-e-type=\"widget\" data-widget_type=\"button.default\">\n\t\t\t\t<div class=\"elementor-widget-container\">\n\t\t\t\t\t\t\t\t\t<div class=\"elementor-button-wrapper\">\n\t\t\t\t\t<a class=\"elementor-button elementor-button-link elementor-size-sm\" href=\"https:\/\/www.pi3ai.com\/es\/contact\/\">\n\t\t\t\t\t\t<span class=\"elementor-button-content-wrapper\">\n\t\t\t\t\t\t\t\t\t<span class=\"elementor-button-text\">HABLEMOS<\/span>\n\t\t\t\t\t<\/span>\n\t\t\t\t\t<\/a>\n\t\t\t\t<\/div>\n\t\t\t\t\t\t\t\t<\/div>\n\t\t\t\t<\/div>\n\t\t\t\t\t<\/div>\n\t\t\t\t<\/div>\n\t\t\t\t<\/div>","protected":false},"excerpt":{"rendered":"<p>Uses Cases Case PayU PayU is a global payments and fintech leader, providing advanced online payments solutions, credit, and investments in high-growth markets Problem vs. Solution Problem PayU was processing, monitoring, and reporting around 4.5 million transactiones monthly, encompassing 16 controls and use cases Solution By using an automated bank reconciliation service, it has increased its automatic reconciliation rates for credit and debit cards from 84% to 99% and significantly reduced manual processing of large volumes of data. Tell us about your specific pain point, and we will help you transform it into a solution for your business. LET&#8217;S TALK<\/p>","protected":false},"author":1,"featured_media":0,"parent":0,"menu_order":0,"comment_status":"closed","ping_status":"closed","template":"","meta":{"_uag_custom_page_level_css":"","site-sidebar-layout":"default","site-content-layout":"","ast-site-content-layout":"default","site-content-style":"default","site-sidebar-style":"default","ast-global-header-display":"","ast-banner-title-visibility":"","ast-main-header-display":"","ast-hfb-above-header-display":"","ast-hfb-below-header-display":"","ast-hfb-mobile-header-display":"","site-post-title":"","ast-breadcrumbs-content":"","ast-featured-img":"","footer-sml-layout":"","ast-disable-related-posts":"","theme-transparent-header-meta":"","adv-header-id-meta":"","stick-header-meta":"","header-above-stick-meta":"","header-main-stick-meta":"","header-below-stick-meta":"","astra-migrate-meta-layouts":"set","ast-page-background-enabled":"default","ast-page-background-meta":{"desktop":{"background-color":"var(--ast-global-color-4)","background-image":"","background-repeat":"repeat","background-position":"center center","background-size":"auto","background-attachment":"scroll","background-type":"","background-media":"","overlay-type":"","overlay-color":"","overlay-opacity":"","overlay-gradient":""},"tablet":{"background-color":"","background-image":"","background-repeat":"repeat","background-position":"center center","background-size":"auto","background-attachment":"scroll","background-type":"","background-media":"","overlay-type":"","overlay-color":"","overlay-opacity":"","overlay-gradient":""},"mobile":{"background-color":"","background-image":"","background-repeat":"repeat","background-position":"center center","background-size":"auto","background-attachment":"scroll","background-type":"","background-media":"","overlay-type":"","overlay-color":"","overlay-opacity":"","overlay-gradient":""}},"ast-content-background-meta":{"desktop":{"background-color":"var(--ast-global-color-5)","background-image":"","background-repeat":"repeat","background-position":"center center","background-size":"auto","background-attachment":"scroll","background-type":"","background-media":"","overlay-type":"","overlay-color":"","overlay-opacity":"","overlay-gradient":""},"tablet":{"background-color":"var(--ast-global-color-5)","background-image":"","background-repeat":"repeat","background-position":"center center","background-size":"auto","background-attachment":"scroll","background-type":"","background-media":"","overlay-type":"","overlay-color":"","overlay-opacity":"","overlay-gradient":""},"mobile":{"background-color":"var(--ast-global-color-5)","background-image":"","background-repeat":"repeat","background-position":"center center","background-size":"auto","background-attachment":"scroll","background-type":"","background-media":"","overlay-type":"","overlay-color":"","overlay-opacity":"","overlay-gradient":""}},"footnotes":""},"class_list":["post-23","page","type-page","status-publish","hentry"],"yoast_head":"<!-- This site is optimized with the Yoast SEO plugin v27.4 - https:\/\/yoast.com\/product\/yoast-seo-wordpress\/ -->\n<title>USES CASES - PI3.AI<\/title>\n<meta name=\"description\" content=\"Tell us about your specific pain point, and we will help you transform it into a solution for your business.\" \/>\n<meta name=\"robots\" content=\"index, follow, max-snippet:-1, max-image-preview:large, max-video-preview:-1\" \/>\n<link rel=\"canonical\" href=\"https:\/\/www.pi3ai.com\/es\/uses-cases\/\" \/>\n<meta property=\"og:locale\" content=\"es_ES\" \/>\n<meta property=\"og:type\" content=\"article\" \/>\n<meta property=\"og:title\" content=\"Uses Cases\" \/>\n<meta property=\"og:description\" content=\"Tell us about your specific pain point, and we will help you transform it into a solution for your business.\" \/>\n<meta property=\"og:url\" content=\"https:\/\/www.pi3ai.com\/es\/uses-cases\/\" \/>\n<meta property=\"og:site_name\" content=\"PI3.AI\" \/>\n<meta property=\"article:publisher\" content=\"https:\/\/www.facebook.com\/people\/PI3AI\/61555530697895\/\" \/>\n<meta property=\"article:modified_time\" content=\"2025-08-26T16:42:06+00:00\" \/>\n<meta property=\"og:image\" content=\"https:\/\/www.pi3ai.com\/wp-content\/uploads\/2024\/03\/image-6.png\" \/>\n\t<meta property=\"og:image:width\" content=\"621\" \/>\n\t<meta property=\"og:image:height\" content=\"500\" \/>\n\t<meta property=\"og:image:type\" content=\"image\/png\" \/>\n<meta name=\"twitter:card\" content=\"summary_large_image\" \/>\n<meta name=\"twitter:label1\" content=\"Tiempo de lectura\" \/>\n\t<meta name=\"twitter:data1\" content=\"2 minutos\" \/>\n<script type=\"application\/ld+json\" class=\"yoast-schema-graph\">{\"@context\":\"https:\\\/\\\/schema.org\",\"@graph\":[{\"@type\":\"WebPage\",\"@id\":\"https:\\\/\\\/www.pi3ai.com\\\/uses-cases\\\/\",\"url\":\"https:\\\/\\\/www.pi3ai.com\\\/uses-cases\\\/\",\"name\":\"USES CASES - PI3.AI\",\"isPartOf\":{\"@id\":\"https:\\\/\\\/www.pi3ai.com\\\/#website\"},\"primaryImageOfPage\":{\"@id\":\"https:\\\/\\\/www.pi3ai.com\\\/uses-cases\\\/#primaryimage\"},\"image\":{\"@id\":\"https:\\\/\\\/www.pi3ai.com\\\/uses-cases\\\/#primaryimage\"},\"thumbnailUrl\":\"https:\\\/\\\/www.pi3ai.com\\\/wp-content\\\/uploads\\\/2024\\\/03\\\/image-6.png\",\"datePublished\":\"2024-03-18T21:59:58+00:00\",\"dateModified\":\"2025-08-26T16:42:06+00:00\",\"description\":\"Tell us about your specific pain point, and we will help you transform it into a solution for your business.\",\"breadcrumb\":{\"@id\":\"https:\\\/\\\/www.pi3ai.com\\\/uses-cases\\\/#breadcrumb\"},\"inLanguage\":\"es-CO\",\"potentialAction\":[{\"@type\":\"ReadAction\",\"target\":[\"https:\\\/\\\/www.pi3ai.com\\\/uses-cases\\\/\"]}]},{\"@type\":\"ImageObject\",\"inLanguage\":\"es-CO\",\"@id\":\"https:\\\/\\\/www.pi3ai.com\\\/uses-cases\\\/#primaryimage\",\"url\":\"https:\\\/\\\/www.pi3ai.com\\\/wp-content\\\/uploads\\\/2024\\\/03\\\/image-6.png\",\"contentUrl\":\"https:\\\/\\\/www.pi3ai.com\\\/wp-content\\\/uploads\\\/2024\\\/03\\\/image-6.png\"},{\"@type\":\"BreadcrumbList\",\"@id\":\"https:\\\/\\\/www.pi3ai.com\\\/uses-cases\\\/#breadcrumb\",\"itemListElement\":[{\"@type\":\"ListItem\",\"position\":1,\"name\":\"Portada\",\"item\":\"https:\\\/\\\/www.pi3ai.com\\\/\"},{\"@type\":\"ListItem\",\"position\":2,\"name\":\"USES CASES\"}]},{\"@type\":\"WebSite\",\"@id\":\"https:\\\/\\\/www.pi3ai.com\\\/#website\",\"url\":\"https:\\\/\\\/www.pi3ai.com\\\/\",\"name\":\"PI3.AI\",\"description\":\"Bank Reconciliation and Merchant Processing Fee Auditing\",\"publisher\":{\"@id\":\"https:\\\/\\\/www.pi3ai.com\\\/#organization\"},\"potentialAction\":[{\"@type\":\"SearchAction\",\"target\":{\"@type\":\"EntryPoint\",\"urlTemplate\":\"https:\\\/\\\/www.pi3ai.com\\\/?s={search_term_string}\"},\"query-input\":{\"@type\":\"PropertyValueSpecification\",\"valueRequired\":true,\"valueName\":\"search_term_string\"}}],\"inLanguage\":\"es-CO\"},{\"@type\":\"Organization\",\"@id\":\"https:\\\/\\\/www.pi3ai.com\\\/#organization\",\"name\":\"PI3.AI\",\"url\":\"https:\\\/\\\/www.pi3ai.com\\\/\",\"logo\":{\"@type\":\"ImageObject\",\"inLanguage\":\"es-CO\",\"@id\":\"https:\\\/\\\/www.pi3ai.com\\\/#\\\/schema\\\/logo\\\/image\\\/\",\"url\":\"https:\\\/\\\/www.pi3ai.com\\\/wp-content\\\/uploads\\\/2024\\\/03\\\/Logotipo_PIEAI-2-2.png\",\"contentUrl\":\"https:\\\/\\\/www.pi3ai.com\\\/wp-content\\\/uploads\\\/2024\\\/03\\\/Logotipo_PIEAI-2-2.png\",\"width\":99,\"height\":45,\"caption\":\"PI3.AI\"},\"image\":{\"@id\":\"https:\\\/\\\/www.pi3ai.com\\\/#\\\/schema\\\/logo\\\/image\\\/\"},\"sameAs\":[\"https:\\\/\\\/www.facebook.com\\\/people\\\/PI3AI\\\/61555530697895\\\/\",\"https:\\\/\\\/www.instagram.com\\\/pi3.ai\\\/\",\"https:\\\/\\\/www.linkedin.com\\\/company\\\/pi3-ai\\\/\"]}]}<\/script>\n<!-- \/ Yoast SEO plugin. -->","yoast_head_json":{"title":"USES CASES - PI3.AI","description":"Tell us about your specific pain point, and we will help you transform it into a solution for your business.","robots":{"index":"index","follow":"follow","max-snippet":"max-snippet:-1","max-image-preview":"max-image-preview:large","max-video-preview":"max-video-preview:-1"},"canonical":"https:\/\/www.pi3ai.com\/es\/uses-cases\/","og_locale":"es_ES","og_type":"article","og_title":"Uses Cases","og_description":"Tell us about your specific pain point, and we will help you transform it into a solution for your business.","og_url":"https:\/\/www.pi3ai.com\/es\/uses-cases\/","og_site_name":"PI3.AI","article_publisher":"https:\/\/www.facebook.com\/people\/PI3AI\/61555530697895\/","article_modified_time":"2025-08-26T16:42:06+00:00","og_image":[{"width":621,"height":500,"url":"https:\/\/www.pi3ai.com\/wp-content\/uploads\/2024\/03\/image-6.png","type":"image\/png"}],"twitter_card":"summary_large_image","twitter_misc":{"Tiempo de lectura":"2 minutos"},"schema":{"@context":"https:\/\/schema.org","@graph":[{"@type":"WebPage","@id":"https:\/\/www.pi3ai.com\/uses-cases\/","url":"https:\/\/www.pi3ai.com\/uses-cases\/","name":"USES CASES - PI3.AI","isPartOf":{"@id":"https:\/\/www.pi3ai.com\/#website"},"primaryImageOfPage":{"@id":"https:\/\/www.pi3ai.com\/uses-cases\/#primaryimage"},"image":{"@id":"https:\/\/www.pi3ai.com\/uses-cases\/#primaryimage"},"thumbnailUrl":"https:\/\/www.pi3ai.com\/wp-content\/uploads\/2024\/03\/image-6.png","datePublished":"2024-03-18T21:59:58+00:00","dateModified":"2025-08-26T16:42:06+00:00","description":"Tell us about your specific pain point, and we will help you transform it into a solution for your business.","breadcrumb":{"@id":"https:\/\/www.pi3ai.com\/uses-cases\/#breadcrumb"},"inLanguage":"es-CO","potentialAction":[{"@type":"ReadAction","target":["https:\/\/www.pi3ai.com\/uses-cases\/"]}]},{"@type":"ImageObject","inLanguage":"es-CO","@id":"https:\/\/www.pi3ai.com\/uses-cases\/#primaryimage","url":"https:\/\/www.pi3ai.com\/wp-content\/uploads\/2024\/03\/image-6.png","contentUrl":"https:\/\/www.pi3ai.com\/wp-content\/uploads\/2024\/03\/image-6.png"},{"@type":"BreadcrumbList","@id":"https:\/\/www.pi3ai.com\/uses-cases\/#breadcrumb","itemListElement":[{"@type":"ListItem","position":1,"name":"Portada","item":"https:\/\/www.pi3ai.com\/"},{"@type":"ListItem","position":2,"name":"USES CASES"}]},{"@type":"WebSite","@id":"https:\/\/www.pi3ai.com\/#website","url":"https:\/\/www.pi3ai.com\/","name":"PI3.AI","description":"Bank Reconciliation and Merchant Processing Fee Auditing","publisher":{"@id":"https:\/\/www.pi3ai.com\/#organization"},"potentialAction":[{"@type":"SearchAction","target":{"@type":"EntryPoint","urlTemplate":"https:\/\/www.pi3ai.com\/?s={search_term_string}"},"query-input":{"@type":"PropertyValueSpecification","valueRequired":true,"valueName":"search_term_string"}}],"inLanguage":"es-CO"},{"@type":"Organization","@id":"https:\/\/www.pi3ai.com\/#organization","name":"PI3.AI","url":"https:\/\/www.pi3ai.com\/","logo":{"@type":"ImageObject","inLanguage":"es-CO","@id":"https:\/\/www.pi3ai.com\/#\/schema\/logo\/image\/","url":"https:\/\/www.pi3ai.com\/wp-content\/uploads\/2024\/03\/Logotipo_PIEAI-2-2.png","contentUrl":"https:\/\/www.pi3ai.com\/wp-content\/uploads\/2024\/03\/Logotipo_PIEAI-2-2.png","width":99,"height":45,"caption":"PI3.AI"},"image":{"@id":"https:\/\/www.pi3ai.com\/#\/schema\/logo\/image\/"},"sameAs":["https:\/\/www.facebook.com\/people\/PI3AI\/61555530697895\/","https:\/\/www.instagram.com\/pi3.ai\/","https:\/\/www.linkedin.com\/company\/pi3-ai\/"]}]}},"uagb_featured_image_src":{"full":false,"thumbnail":false,"medium":false,"medium_large":false,"large":false,"1536x1536":false,"2048x2048":false,"trp-custom-language-flag":false},"uagb_author_info":{"display_name":"admin","author_link":"https:\/\/www.pi3ai.com\/es\/author\/admin\/"},"uagb_comment_info":0,"uagb_excerpt":"Uses Cases Case PayU PayU is a global payments and fintech leader, providing advanced online payments solutions, credit, and investments in high-growth markets Problem vs. Solution Problem PayU was processing, monitoring, and reporting around 4.5 million transactiones monthly, encompassing 16 controls and use cases Solution By using an automated bank reconciliation service, it has increased&hellip;","_links":{"self":[{"href":"https:\/\/www.pi3ai.com\/es\/wp-json\/wp\/v2\/pages\/23","targetHints":{"allow":["GET"]}}],"collection":[{"href":"https:\/\/www.pi3ai.com\/es\/wp-json\/wp\/v2\/pages"}],"about":[{"href":"https:\/\/www.pi3ai.com\/es\/wp-json\/wp\/v2\/types\/page"}],"author":[{"embeddable":true,"href":"https:\/\/www.pi3ai.com\/es\/wp-json\/wp\/v2\/users\/1"}],"replies":[{"embeddable":true,"href":"https:\/\/www.pi3ai.com\/es\/wp-json\/wp\/v2\/comments?post=23"}],"version-history":[{"count":114,"href":"https:\/\/www.pi3ai.com\/es\/wp-json\/wp\/v2\/pages\/23\/revisions"}],"predecessor-version":[{"id":1882,"href":"https:\/\/www.pi3ai.com\/es\/wp-json\/wp\/v2\/pages\/23\/revisions\/1882"}],"wp:attachment":[{"href":"https:\/\/www.pi3ai.com\/es\/wp-json\/wp\/v2\/media?parent=23"}],"curies":[{"name":"wp","href":"https:\/\/api.w.org\/{rel}","templated":true}]}}